{"id":67,"date":"2016-02-19T09:35:47","date_gmt":"2016-02-19T10:35:47","guid":{"rendered":"http:\/\/sc-hangen-weisheim.de\/?page_id=67"},"modified":"2024-01-06T21:01:23","modified_gmt":"2024-01-06T21:01:23","slug":"datenschutz","status":"publish","type":"page","link":"https:\/\/sc-hangen-weisheim.de\/?page_id=67","title":{"rendered":"Impressum\/Datenschutz"},"content":{"rendered":"<p><strong>Impressum<em>:<\/em><\/strong><\/p>\n<p>Sport-Club 1922 e.V. Hangen-Weisheim<br \/>\nVereinsregister: VR 10554, Amtsgericht Mainz<\/p>\n<p><strong>Gemeinschaftlich vertretungsberechtigt:<em><br \/>\n<\/em><\/strong>Lukas Baltruschat (1. Vorsitzender)<br \/>\nKirsten Metz (2. Vorsitzende)<br \/>\nMelina Brunn (Kassenwartin)<br \/>\nUlrike Obenauer (Schriftf\u00fchrerin)<\/p>\n<p><strong>Inhaltliche Verantwortliche<\/strong> <strong>gem\u00e4\u00df \u00a7 18 MStV :<\/strong><br \/>\nUlrike Obenauer (Schriftf\u00fchrerin)<br \/>\nBerlingsgasse 3<br \/>\n55234 Hangen-Weisheim<br \/>\n<a style=\"font-size: revert;\" href=\"mailto:schriftfuehrerin@sc-hangen-weisheim.de\">schriftfuehrerin@sc-hangen-weisheim.de<\/a><\/p>\n<h4><\/h4>\n<h4>Datenschutzerkl\u00e4rung<\/h4>\n<p><strong>I. Name und Anschrift des Verantwortlichen<\/strong><\/p>\n<p>Der Verantwortliche im Sinne der Datenschutz-Grundverordnung (DSGVO), des Landesdatenschutzgesetzes Rheinland-Pfalz (LDSG), des Bundesdatenschutzgesetzes sowie sonstiger datenschutzrechtlicher Bestimmungen ist der Sport-Club 1922 e.V. Hangen-Weisheim<\/p>\n<p><strong>II. Kontakt des Verantwortlichen<\/strong><\/p>\n<p>Ulrike Obenauer (Schriftf\u00fchrerin)<br \/>\nBerlingsgasse 3<br \/>\n55234 Hangen-Weisheim<br \/>\n<a style=\"font-size: revert;\" href=\"mailto:schriftfuehrerin@sc-hangen-weisheim.de\">schriftfuehrerin@sc-hangen-weisheim.de<\/a><\/p>\n<p><strong>III. Bei der Technik haben wir Hilfe<\/strong><br \/>\nDieses Internet-Angebot wird technisch von der netcup GmbH, Daimlerstra\u00dfe 25, D-76185 Karlsruhe als Dienstleister betrieben. Die dortige Verarbeitung von Nutzungsdaten erfolgt in unserem Auftrag und nach unseren Vorgaben entsprechend Art. 28 DSGVO. Die redaktionelle Verantwortung liegt beim Sport-Club 1922 e.V. Hangen-Weisheim.<\/p>\n<p>Nicht erforderliche Cookies oder spezielle Analyse-Tools werden von uns nicht eingesetzt.<\/p>\n<p><strong>IV. Allgemeines zur Datenverarbeitung<\/strong><\/p>\n<ul>\n<li>Umfang der Verarbeitung personenbezogener Daten<\/li>\n<\/ul>\n<p>Wir verarbeiten personenbezogene Daten unserer Nutzer grunds\u00e4tzlich nur, soweit dies zur Bereitstellung einer funktionsf\u00e4higen Website sowie unserer Inhalte und Leistungen erforderlich ist. Eine weitergehende Verarbeitung personenbezogener Daten unserer Nutzer erfolgt regelm\u00e4\u00dfig nur nach Einwilligung des Nutzers.<\/p>\n<ul>\n<li>Rechtsgrundlage f\u00fcr die Verarbeitung personenbezogener Daten<\/li>\n<\/ul>\n<p>Die Rechtsgrundlage f\u00fcr die Datenverarbeitung ist Art. 6 Abs. 1 S. 1 lit. f DSGVO. Unser berechtigtes Interesse folgt aus oben dargestellten Zwecken zur Datenerhebung.<\/p>\n<ul>\n<li>Datenl\u00f6schung und Speicherdauer<\/li>\n<\/ul>\n<p>Die personenbezogenen Daten der betroffenen Person werden gel\u00f6scht oder gesperrt, sobald der Zweck der Speicherung entf\u00e4llt. Eine Speicherung kann dar\u00fcber hinaus erfolgen, wenn dies durch den europ\u00e4ischen oder nationalen Gesetzgeber in unionsrechtlichen Verordnungen, Gesetzen oder sonstigen Vorschriften, denen der Verantwortliche unterliegt, vorgesehen wurde. Eine Sperrung oder L\u00f6schung der Daten erfolgt auch dann, wenn eine durch die genannten Normen vorgeschriebene Speicherfrist abl\u00e4uft.<\/p>\n<ul>\n<li>Recht auf Auskunft, Berichtigung, Sperrung, L\u00f6schung<\/li>\n<\/ul>\n<p>Sie haben jederzeit im Rahmen der geltenden gesetzlichen Bestimmungen das Recht auf unentgeltliche Auskunft \u00fcber Ihre gespeicherten personenbezogenen Daten, Herkunft der Daten, deren Empf\u00e4nger und den Zweck der Datenverarbeitung und ggf. ein Recht auf Berichtigung, Sperrung oder L\u00f6schung dieser Daten. Diesbez\u00fcglich und auch zu weiteren Fragen zum Thema personenbezogene Daten k\u00f6nnen Sie sich jederzeit \u00fcber die im Impressum aufgef\u00fchrten Kontaktm\u00f6glichkeiten an uns wenden.<\/p>\n<p><strong>V. Bereitstellung der Website und Erstellung von Logfiles<\/strong><\/p>\n<ul>\n<li>Beschreibung und Umfang der Datenverarbeitung<\/li>\n<\/ul>\n<p>Bei jedem Aufruf unserer Internetseite erfasst der Provider der Website automatisiert Daten und Informationen vom Computersystem des aufrufenden Rechners, die Ihr Browser automatisch an uns \u00fcbermittelt.\u00a0Folgende Daten werden hierbei erhoben:<\/p>\n<ol>\n<li>Informationen \u00fcber den Browsertyp und die verwendete Version<\/li>\n<li>Das Betriebssystem des Nutzers<\/li>\n<li>Die anonymisierte IP-Adresse des Nutzers<\/li>\n<li>Datum und Uhrzeit des Zugriffs<\/li>\n<li>Aufgerufene Seite bzw. Name der aufgerufenen Datei<\/li>\n<li>Meldung, ob der Zugriff auf die Seite bzw. der Abruf der Datei erfolgreich war<\/li>\n<li>\u00fcbertragene Datenmenge<\/li>\n<\/ol>\n<p>Die Daten werden in den Logfiles unseres Systems gespeichert. Nicht hiervon betroffen sind die IP-Adressen des Nutzers oder andere Daten, die die Zuordnung der Daten zu einem Nutzer erm\u00f6glichen. Eine Speicherung dieser Daten zusammen mit anderen personenbezogenen Daten des Nutzers findet nicht statt. Es findet keine Zusammenf\u00fchrung dieser Daten mit anderen Datenquellen statt.<\/p>\n<ul>\n<li>Rechtsgrundlage f\u00fcr die Datenverarbeitung<\/li>\n<\/ul>\n<p>Rechtsgrundlage f\u00fcr die vor\u00fcbergehende Speicherung der Daten und der Logfiles ist Art. 6 Abs. 1 S. 1 lit. f DSGVO. Unser berechtigtes Interesse folgt aus notwendigen Gr\u00fcnden, da dies zur Bereitstellung einer funktionsf\u00e4higen Website sowie unserer Inhalte und Leistungen erforderlich ist.<\/p>\n<ul>\n<li>Zweck der Datenverarbeitung<\/li>\n<\/ul>\n<p>Die vor\u00fcbergehende Speicherung der IP-Adresse durch das System ist notwendig, um eine Auslieferung der Website an den Rechner des Nutzers zu erm\u00f6glichen. Es erfolgt die direkte, automatisierte Anonymisierung der IP-Adresse zum Zeitpunkt der Datenerhebung.<\/p>\n<ul>\n<li>Dauer der Speicherung<\/li>\n<\/ul>\n<p>Die Daten werden gel\u00f6scht, sobald sie f\u00fcr die Erreichung des Zweckes ihrer Erhebung nicht mehr erforderlich sind. Im Falle der Erfassung der Daten zur Bereitstellung der Website ist dies der Fall, wenn die jeweilige Sitzung beendet ist.<\/p>\n<ul>\n<li>Widerspruchs- und Beseitigungsm\u00f6glichkeit<\/li>\n<\/ul>\n<p>Die Erfassung der Daten zur Bereitstellung der Website und die Speicherung der Daten in Logfiles ist f\u00fcr den Betrieb der Internetseite zwingend erforderlich. Es besteht folglich seitens des Nutzers keine Widerspruchsm\u00f6glichkeit.<\/p>\n<p><strong>VI. E-Mail-Kontakt:<\/strong><\/p>\n<p>Wir weisen darauf hin, dass die Daten\u00fcbertragung im Internet bei der Kommunikation per E-Mail Sicherheitsl\u00fccken aufweisen kann. Ein l\u00fcckenloser Schutz der Daten vor dem Zugriff durch Dritte ist nicht m\u00f6glich.<\/p>\n<div><main role=\"main\"><\/p>\n<div id=\"c1474\" class=\"container py-0 my-0 frame frame-default frame-type-textmedia frame-layout-0\">\n<div class=\"ce-textpic ce-center ce-above\">\n<div class=\"ce-bodytext\">\n<p><strong>VII. Recht auf Beschwerde bei einer Aufsichtsbeh\u00f6rde<\/strong><\/p>\n<p>Wenn Sie der Ansicht sind, dass die Verarbeitung der Sie betreffenden personenbezogenen Daten gegen die DSGVO verst\u00f6\u00dft, steht Ihnen steht das Recht auf Beschwerde bei einer Aufsichtsbeh\u00f6rde zu, insbesondere in dem Mitgliedstaat Ihres Aufenthaltsorts oder des Orts des mutma\u00dflichen Versto\u00dfes.<\/p>\n<p>Den Landesbeauftragten f\u00fcr den Datenschutz und die Informationsfreiheit Rheinland-Pfalz erreichen Sie unter:<br \/>\nDer Landesbeauftragte f\u00fcr den Datenschutz und die Informationsfreiheit Rheinland-Pfalz<br \/>\nPostfach 30 40<br \/>\n55020 Mainz<\/p>\n<\/div>\n<\/div>\n<\/div>\n<p><\/main><\/div>\n","protected":false},"excerpt":{"rendered":"<p>Impressum: Sport-Club 1922 e.V. Hangen-Weisheim Vereinsregister: VR 10554, Amtsgericht Mainz Gemeinschaftlich vertretungsberechtigt: Lukas Baltruschat (1. Vorsitzender) Kirsten Metz (2. Vorsitzende) Melina Brunn (Kassenwartin) Ulrike Obenauer (Schriftf\u00fchrerin) Inhaltliche Verantwortliche gem\u00e4\u00df \u00a7 18 MStV : Ulrike Obenauer (Schriftf\u00fchrerin) Berlingsgasse 3 55234 Hangen-Weisheim schriftfuehrerin@sc-hangen-weisheim.de Datenschutzerkl\u00e4rung I. Name und Anschrift des Verantwortlichen Der Verantwortliche im Sinne der Datenschutz-Grundverordnung (DSGVO), [&hellip;]<\/p>\n","protected":false},"author":1,"featured_media":0,"parent":0,"menu_order":0,"comment_status":"closed","ping_status":"closed","template":"","meta":{"footnotes":""},"class_list":["post-67","page","type-page","status-publish","czr-hentry"],"_links":{"self":[{"href":"https:\/\/sc-hangen-weisheim.de\/index.php?rest_route=\/wp\/v2\/pages\/67","targetHints":{"allow":["GET"]}}],"collection":[{"href":"https:\/\/sc-hangen-weisheim.de\/index.php?rest_route=\/wp\/v2\/pages"}],"about":[{"href":"https:\/\/sc-hangen-weisheim.de\/index.php?rest_route=\/wp\/v2\/types\/page"}],"author":[{"embeddable":true,"href":"https:\/\/sc-hangen-weisheim.de\/index.php?rest_route=\/wp\/v2\/users\/1"}],"replies":[{"embeddable":true,"href":"https:\/\/sc-hangen-weisheim.de\/index.php?rest_route=%2Fwp%2Fv2%2Fcomments&post=67"}],"version-history":[{"count":9,"href":"https:\/\/sc-hangen-weisheim.de\/index.php?rest_route=\/wp\/v2\/pages\/67\/revisions"}],"predecessor-version":[{"id":1035,"href":"https:\/\/sc-hangen-weisheim.de\/index.php?rest_route=\/wp\/v2\/pages\/67\/revisions\/1035"}],"wp:attachment":[{"href":"https:\/\/sc-hangen-weisheim.de\/index.php?rest_route=%2Fwp%2Fv2%2Fmedia&parent=67"}],"curies":[{"name":"wp","href":"https:\/\/api.w.org\/{rel}","templated":true}]}}